{"id":92,"date":"2021-05-12T10:23:30","date_gmt":"2021-05-12T08:23:30","guid":{"rendered":"https:\/\/www.saracazzaro.com\/?page_id=92"},"modified":"2021-05-27T08:28:43","modified_gmt":"2021-05-27T06:28:43","slug":"preise-angebote-und-kostenvoranschlaege-podologen-st-pauls-girlan-frangart-eppan","status":"publish","type":"page","link":"https:\/\/www.saracazzaro.com\/de\/preise-angebote-und-kostenvoranschlaege-podologen-st-pauls-girlan-frangart-eppan","title":{"rendered":"Kontakte"},"content":{"rendered":"<p><div class=\"fusion-fullwidth fullwidth-box fusion-builder-row-1 fusion-flex-container nonhundred-percent-fullwidth non-hundred-percent-height-scrolling\" style=\"background-color: rgba(255,255,255,0);background-position: center center;background-repeat: no-repeat;border-width: 0px 0px 0px 0px;border-color:#e2e2e2;border-style:solid;\" ><div class=\"fusion-builder-row fusion-row fusion-flex-align-items-flex-start\" style=\"max-width:1326px;margin-left: calc(-2% \/ 2 );margin-right: calc(-2% \/ 2 );\"><div class=\"fusion-layout-column fusion_builder_column fusion-builder-column-0 fusion_builder_column_1_1 1_1 fusion-flex-column\"><div class=\"fusion-column-wrapper fusion-flex-justify-content-flex-start fusion-content-layout-column\" style=\"background-position:left top;background-repeat:no-repeat;-webkit-background-size:cover;-moz-background-size:cover;-o-background-size:cover;background-size:cover;padding: 0px 0px 0px 0px;\"><div style=\"text-align:center;\"><span class=\" fusion-imageframe imageframe-none imageframe-1 hover-type-none\"><img decoding=\"async\" width=\"1300\" height=\"550\" title=\"podologo-podologia-patologie-piede-appiano-caldaro-andriano-frangarto-cornaiano-san-paolo-bolzano-slide-2\" src=\"https:\/\/www.saracazzaro.com\/wp-content\/uploads\/podologo-podologia-patologie-piede-appiano-caldaro-andriano-frangarto-cornaiano-san-paolo-bolzano-slide-2.jpg\" class=\"img-responsive wp-image-205\" srcset=\"https:\/\/www.saracazzaro.com\/wp-content\/uploads\/podologo-podologia-patologie-piede-appiano-caldaro-andriano-frangarto-cornaiano-san-paolo-bolzano-slide-2-200x85.jpg 200w, https:\/\/www.saracazzaro.com\/wp-content\/uploads\/podologo-podologia-patologie-piede-appiano-caldaro-andriano-frangarto-cornaiano-san-paolo-bolzano-slide-2-400x169.jpg 400w, https:\/\/www.saracazzaro.com\/wp-content\/uploads\/podologo-podologia-patologie-piede-appiano-caldaro-andriano-frangarto-cornaiano-san-paolo-bolzano-slide-2-600x254.jpg 600w, https:\/\/www.saracazzaro.com\/wp-content\/uploads\/podologo-podologia-patologie-piede-appiano-caldaro-andriano-frangarto-cornaiano-san-paolo-bolzano-slide-2-800x338.jpg 800w, https:\/\/www.saracazzaro.com\/wp-content\/uploads\/podologo-podologia-patologie-piede-appiano-caldaro-andriano-frangarto-cornaiano-san-paolo-bolzano-slide-2-1200x508.jpg 1200w, https:\/\/www.saracazzaro.com\/wp-content\/uploads\/podologo-podologia-patologie-piede-appiano-caldaro-andriano-frangarto-cornaiano-san-paolo-bolzano-slide-2.jpg 1300w\" sizes=\"(max-width: 640px) 100vw, 1300px\" \/><\/span><\/div><\/div><style type=\"text\/css\">.fusion-body .fusion-builder-column-0{width:100% !important;margin-top : 10px;margin-bottom : 10px;}.fusion-builder-column-0 > .fusion-column-wrapper {padding-top : 0px !important;padding-right : 0px !important;margin-right : 0.98%;padding-bottom : 0px !important;padding-left : 0px !important;margin-left : 0.98%;}@media only screen and (max-width:1024px) {.fusion-body .fusion-builder-column-0{width:100% !important;order : 0;}.fusion-builder-column-0 > .fusion-column-wrapper {margin-right : 0.98%;margin-left : 0.98%;}}@media only screen and (max-width:640px) {.fusion-body .fusion-builder-column-0{width:100% !important;order : 0;}.fusion-builder-column-0 > .fusion-column-wrapper {margin-right : 0.98%;margin-left : 0.98%;}}<\/style><\/div><\/div><style type=\"text\/css\">.fusion-body .fusion-flex-container.fusion-builder-row-1{ padding-top : 0px;margin-top : 0px;padding-right : 0px;padding-bottom : 0px;margin-bottom : 0px;padding-left : 0px;}<\/style><\/div><div class=\"fusion-fullwidth fullwidth-box fusion-builder-row-2 fusion-flex-container nonhundred-percent-fullwidth non-hundred-percent-height-scrolling\" style=\"background-color: rgba(255,255,255,0);background-position: center center;background-repeat: no-repeat;border-width: 0px 0px 0px 0px;border-color:#e2e2e2;border-style:solid;\" ><div class=\"fusion-builder-row fusion-row fusion-flex-align-items-flex-start\" style=\"max-width:1326px;margin-left: calc(-2% \/ 2 );margin-right: calc(-2% \/ 2 );\"><div class=\"fusion-layout-column fusion_builder_column fusion-builder-column-1 fusion_builder_column_1_2 1_2 fusion-flex-column\"><div class=\"fusion-column-wrapper fusion-flex-justify-content-flex-start fusion-content-layout-column\" style=\"background-position:left top;background-repeat:no-repeat;-webkit-background-size:cover;-moz-background-size:cover;-o-background-size:cover;background-size:cover;padding: 0px 0px 0px 0px;\"><div class=\"fusion-text fusion-text-1\"><h3 style=\"text-align: center;\"><strong>Dr. Sara Cazzaro<\/strong><\/h3>\n<p style=\"text-align: center;\">Empfang nach Vereinbarung: +39 324 0469534<\/p>\n<p style=\"text-align: center;\">Schulweg 1 &#8211; 39057 St. Pauls\/Eppan (BZ)<\/p>\n<\/div>\t\t\t\t\t<script type=\"text\/javascript\">\n\t\t\t\t\t\tvar map_fusion_map_69e122446bfb0;\n\t\t\t\t\t\tvar markers = [];\n\t\t\t\t\t\tvar counter = 0;\n\t\t\t\t\t\t\t\t\t\t\t\t\t\t\t\t\t\t\t\tvar fusionMapNonce = '72f36c3513';\n\t\t\t\t\t\t\t\t\t\t\t\tfunction fusion_run_map_fusion_map_69e122446bfb0() {\n\t\t\t\t\t\t\tjQuery('#fusion_map_69e122446bfb0').fusion_maps({\n\t\t\t\t\t\t\t\taddresses: [{\"address\":\"46.472067,11.262407\",\"infobox_content\":\"\",\"coordinates\":true,\"latitude\":\"46.472067\",\"longitude\":\"11.262407\",\"cache\":true,\"geocoded_address\":\"46.472067,11.262407\"}],\n\t\t\t\t\t\t\t\tanimations: true,\n\t\t\t\t\t\t\t\tinfobox_background_color: '',\n\t\t\t\t\t\t\t\tinfobox_styling: 'default',\n\t\t\t\t\t\t\t\tinfobox_text_color: '',\n\t\t\t\t\t\t\t\tmap_style: 'default',\n\t\t\t\t\t\t\t\tmap_type: 'roadmap',\n\t\t\t\t\t\t\t\tmarker_icon: '',\n\t\t\t\t\t\t\t\toverlay_color: '',\n\t\t\t\t\t\t\t\toverlay_color_hsl: {\"hue\":0,\"sat\":0,\"lum\":100},\n\t\t\t\t\t\t\t\tpan_control: true,\n\t\t\t\t\t\t\t\tshow_address: false,\n\t\t\t\t\t\t\t\tscale_control: true,\n\t\t\t\t\t\t\t\tscrollwheel: false,\n\t\t\t\t\t\t\t\tzoom: 15,\n\t\t\t\t\t\t\t\tzoom_control: true,\n\t\t\t\t\t\t\t});\n\t\t\t\t\t\t}\n\n\t\t\t\t\t\tgoogle.maps.event.addDomListener(window, 'load', fusion_run_map_fusion_map_69e122446bfb0);\n\t\t\t\t\t<\/script>\n\t\t\t\t\t<div class=\"shortcode-map fusion-google-map fusion-maps-js-type\" id=\"fusion_map_69e122446bfb0\" style=\"height:500px;width:100%;\"><\/div><\/div><style type=\"text\/css\">.fusion-body .fusion-builder-column-1{width:50% !important;margin-top : 10px;margin-bottom : 10px;}.fusion-builder-column-1 > .fusion-column-wrapper {padding-top : 0px !important;padding-right : 0px !important;margin-right : 1.96%;padding-bottom : 0px !important;padding-left : 0px !important;margin-left : 1.96%;}@media only screen and (max-width:1024px) {.fusion-body .fusion-builder-column-1{width:50% !important;order : 0;}.fusion-builder-column-1 > .fusion-column-wrapper {margin-right : 1.96%;margin-left : 1.96%;}}@media only screen and (max-width:640px) {.fusion-body .fusion-builder-column-1{width:100% !important;order : 0;}.fusion-builder-column-1 > .fusion-column-wrapper {margin-right : 0.98%;margin-left : 0.98%;}}<\/style><\/div><div class=\"fusion-layout-column fusion_builder_column fusion-builder-column-2 fusion_builder_column_1_2 1_2 fusion-flex-column\"><div class=\"fusion-column-wrapper fusion-flex-justify-content-flex-start fusion-content-layout-column\" style=\"background-position:left top;background-repeat:no-repeat;-webkit-background-size:cover;-moz-background-size:cover;-o-background-size:cover;background-size:cover;padding: 0px 0px 0px 0px;\"><div class=\"fusion-text fusion-text-2\"><div id=\"quform-f0f32b\" class=\"quform quform-3 quform-theme-light quform-support-page-caching\"><form id=\"quform-form-f0f32b\" class=\"quform-form quform-form-3\" action=\"\/de\/wp-json\/wp\/v2\/pages\/92#quform-f0f32b\" method=\"post\" enctype=\"multipart\/form-data\" novalidate=\"novalidate\" data-options=\"{&quot;id&quot;:3,&quot;uniqueId&quot;:&quot;f0f32b&quot;,&quot;theme&quot;:&quot;light&quot;,&quot;ajax&quot;:true,&quot;logic&quot;:{&quot;logic&quot;:[],&quot;dependents&quot;:[],&quot;elementIds&quot;:[],&quot;dependentElementIds&quot;:[],&quot;animate&quot;:true},&quot;currentPageId&quot;:1,&quot;errorsIcon&quot;:&quot;&quot;,&quot;updateFancybox&quot;:true,&quot;hasPages&quot;:false,&quot;pages&quot;:[1],&quot;pageProgressType&quot;:&quot;numbers&quot;,&quot;tooltipsEnabled&quot;:true,&quot;tooltipClasses&quot;:&quot;qtip-quform-dark qtip-shadow&quot;,&quot;tooltipMy&quot;:&quot;left center&quot;,&quot;tooltipAt&quot;:&quot;right center&quot;,&quot;isRtl&quot;:false,&quot;scrollOffset&quot;:-50,&quot;scrollSpeed&quot;:800}\"><button class=\"quform-default-submit\" name=\"quform_submit\" type=\"submit\" value=\"submit\" aria-hidden=\"true\" tabindex=\"-1\"><\/button><div class=\"quform-form-inner quform-form-inner-3\"><input type=\"hidden\" name=\"quform_form_id\" value=\"3\" \/><input type=\"hidden\" name=\"quform_form_uid\" value=\"f0f32b\" \/><input type=\"hidden\" name=\"quform_count\" value=\"1\" \/><input type=\"hidden\" name=\"form_url\" value=\"https:\/\/www.saracazzaro.com\/de\/wp-json\/wp\/v2\/pages\/92\" \/><input type=\"hidden\" name=\"referring_url\" value=\"\" \/><input type=\"hidden\" name=\"post_id\" value=\"\" \/><input type=\"hidden\" name=\"post_title\" value=\"\" \/><input type=\"hidden\" name=\"quform_current_page_id\" value=\"1\" \/><input type=\"hidden\" name=\"quform_csrf_token\" value=\"wLVSEJ1EHigXk3TqHfBsfaV7KGjXNeNHqRpk7BoB\" \/><div class=\"quform-elements quform-elements-3 quform-cf quform-responsive-elements-phone-landscape\"><div class=\"quform-element quform-element-page quform-page-1 quform-page-3_1 quform-cf quform-group-style-plain quform-first-page quform-last-page quform-current-page\"><div class=\"quform-child-elements\"><div class=\"quform-element quform-element-text quform-element-3_3 quform-cf quform-labels-inside quform-element-optional\"><div class=\"quform-spacer\"><div class=\"quform-label quform-label-3_3\"><label class=\"quform-label-text\" for=\"quform_3_3_f0f32b\">Vorname Nachname<\/label><\/div><div class=\"quform-inner quform-inner-text quform-inner-3_3\"><div class=\"quform-input quform-input-text quform-input-3_3 quform-cf\"><input type=\"text\" id=\"quform_3_3_f0f32b\" name=\"quform_3_3\" class=\"quform-field quform-field-text quform-field-3_3\" \/><\/div><\/div><\/div><\/div><div class=\"quform-element quform-element-email quform-element-3_6 quform-cf quform-labels-inside quform-element-required\"><div class=\"quform-spacer\"><div class=\"quform-label quform-label-3_6\"><label class=\"quform-label-text\" for=\"quform_3_6_f0f32b\">E-Mail Adresse<span class=\"quform-required\">*<\/span><\/label><\/div><div class=\"quform-inner quform-inner-email quform-inner-3_6\"><div class=\"quform-input quform-input-email quform-input-3_6 quform-cf\"><input type=\"email\" id=\"quform_3_6_f0f32b\" name=\"quform_3_6\" class=\"quform-field quform-field-email quform-field-3_6\" \/><\/div><\/div><\/div><\/div><div class=\"quform-element quform-element-text quform-element-3_4 quform-cf quform-labels-inside quform-element-optional\"><div class=\"quform-spacer\"><div class=\"quform-label quform-label-3_4\"><label class=\"quform-label-text\" for=\"quform_3_4_f0f32b\">Telefon<\/label><\/div><div class=\"quform-inner quform-inner-text quform-inner-3_4\"><div class=\"quform-input quform-input-text quform-input-3_4 quform-cf\"><input type=\"text\" id=\"quform_3_4_f0f32b\" name=\"quform_3_4\" class=\"quform-field quform-field-text quform-field-3_4\" \/><\/div><\/div><\/div><\/div><div class=\"quform-element quform-element-textarea quform-element-3_7 quform-cf quform-labels-inside quform-element-optional\"><div class=\"quform-spacer\"><div class=\"quform-label quform-label-3_7\"><label class=\"quform-label-text\" for=\"quform_3_7_f0f32b\">Nachricht<\/label><\/div><div class=\"quform-inner quform-inner-textarea quform-inner-3_7\"><div class=\"quform-input quform-input-textarea quform-input-3_7 quform-cf\"><textarea id=\"quform_3_7_f0f32b\" name=\"quform_3_7\" class=\"quform-field quform-field-textarea quform-field-3_7\"><\/textarea><\/div><\/div><\/div><\/div><div class=\"quform-element quform-element-checkbox quform-element-3_8 quform-cf quform-element-required\"><div class=\"quform-spacer\"><div class=\"quform-label quform-label-3_8\"><label class=\"quform-label-text\" id=\"quform_3_8_f0f32b_label\">Ja, ich akzeptiere den Datenschutz<span class=\"quform-required\">*<\/span><\/label><\/div><div class=\"quform-inner quform-inner-checkbox quform-inner-3_8\"><div class=\"quform-input quform-input-checkbox quform-input-3_8 quform-cf\"><div class=\"quform-options quform-cf quform-options-block quform-options-simple\" role=\"group\" aria-labelledby=\"quform_3_8_f0f32b_label\"><div class=\"quform-option\"><input type=\"checkbox\" name=\"quform_3_8[]\" id=\"quform_3_8_f0f32b_1\" class=\"quform-field quform-field-checkbox quform-field-3_8 quform-field-3_8_1\" value=\"Ja, ich genehmige die Verarbeitung meiner pers\u00f6nlichen Daten, die gem\u00e4\u00df D. Lgs. n. 196 vom 30. Juni 2003 und GDPR (EU-Verordnung 2016\/679) gesch\u00fctzt sind\" \/><label for=\"quform_3_8_f0f32b_1\" class=\"quform-option-label quform-option-label-3_8_1\"><span class=\"quform-option-text\">Ja, ich genehmige die Verarbeitung meiner pers\u00f6nlichen Daten, die gem\u00e4\u00df D. Lgs. n. 196 vom 30. Juni 2003 und GDPR (EU-Verordnung 2016\/679) gesch\u00fctzt sind<\/span><\/label><\/div><\/div><\/div><p class=\"quform-description quform-description-below\"><a href=\"\/de\/datenschutz-podologie-girlan-frangart-andrian-kaltern-st-michael-bozen\" target=\"_blank\" rel=\"noopener\">Mehr Lesen<\/a>\n<\/p><\/div><\/div><\/div><div class=\"quform-element quform-element-captcha quform-element-3_5 quform-cf quform-labels-inside quform-element-required\"><div class=\"quform-spacer\"><div class=\"quform-label quform-label-3_5\"><label class=\"quform-label-text\" for=\"quform_3_5_f0f32b\">Bitte geben Sie die Zeichen ein<span class=\"quform-required\">*<\/span><\/label><\/div><div class=\"quform-inner quform-inner-captcha quform-inner-3_5\"><div class=\"quform-input quform-input-captcha quform-input-3_5 quform-cf\"><input type=\"text\" id=\"quform_3_5_f0f32b\" name=\"quform_3_5\" class=\"quform-field quform-field-captcha quform-field-3_5\" \/><\/div><div class=\"quform-captcha quform-cf\"><div class=\"quform-captcha-image quform-captcha-image-3_5\"><img decoding=\"async\" class=\"quform-captcha-image-img\" src=\"data:image\/png;base64,iVBORw0KGgoAAAANSUhEUgAAAOYAAABQBAMAAAD\/1xTgAAAAG1BMVEX\/\/\/8iIiLj4+OsrKyQkJA9PT1ZWVl0dHTHx8fHVt2yAAAACXBIWXMAAA7EAAAOxAGVKw4bAAACw0lEQVRoge1XS3PaMBB2ZYN17LbF6dE0ZcoxKQzhiJvXtUoTmmPcmQw9xhOa9AhNmPCzqwfGlkSQxvH00NF3gNGy3s\/71OJ5Dg4ODg4ODg4ODg4ODs8A9Q\/jf0zpE4DWXk3GHkc2WigFiiiugxEN4L2NXgdgcgfwtQbKJxqxHRvFFC497xO8eznlggWsZaHoQyv2vBCitQTH1ShD4JiZNRs8A+2CExHdZbR86J\/e\/95uKRWcN2bOfa7UKGIb6OFBRJiLtxlq0lwOH6wKI4VZfzrE16Nc4JfCvBYJGF6eJWkOb8ycABm1dl6SHIxUHQzRZHpsKLOUszUt\/MQrFy63K9H4Z4ZMEbhiX0sjJQ\/bbT8rlRvq9lQlRM2FWucN5JoCm6hyBAA\/+CzKQ8LqRR2EiP6aCDfKQtiZlc4pRJ+7\/TsyNo7RUFRjc50s+hIwUrV+7QV6ZaVyje6vsmSeRCtbeG0SXRCdk1k88x5lEc7gnERf8mMz59TCpHNyB1GpKRsbONm0wqq8ITMcA4ynwwGoSdCARShkTr1AmZu+Kp9zzqKDljH7JPDawOmRlvCjyEJTf1HM+t1X5QnARcnRjyLMqZkz4c904O02Tj5dNE5CH9olaylZVYZ5KtBJG5d7hZWy+hDtn9uj00zhRMxFP8ndQqIDFhvKXgVVje7T8hUUaMEJVgUpc\/qsBpLCLUI7HR1Y3aAddfb5Gmc+4+Ua4j2dFG\/L0ssuoDMzpzdQZryvD7GT8WR61FNG6SumF1z\/LM5gv1nh3lA62u1RtH+upLPYE6ptkKhUw9uQKcXCs\/59VoXSmlNdfWiX\/PlQiZEZs9gB0WFXK1Bis389gw1LmIZQmnoCnW\/V+PAktvKTcUrX5wvQhpFdPk9YjdZDOoebhd2SsZuZby07tGHTnrAZT6Sef3OhzXJRNwZV29rBwcHBwcHhv8BfPf9km8OX9qkAAAAASUVORK5CYII=\" alt=\"CAPTCHA image\" data-element-id=\"5\" width=\"115\" height=\"40\" \/><\/div><\/div><p class=\"quform-description quform-description-below\">Dies hilft uns, Spam zu verhindern, vielen Dank.<\/p><\/div><\/div><\/div><div class=\"quform-element quform-element-submit quform-element-3_2 quform-cf quform-button-style-theme\"><div class=\"quform-button-submit quform-button-submit-default quform-button-submit-3_2\"><button name=\"quform_submit\" type=\"submit\" class=\"quform-submit\" value=\"submit\"><span class=\"quform-button-text quform-button-submit-text\">Absenden<\/span><\/button><\/div><div class=\"quform-loading quform-loading-position-left quform-loading-type-spinner-1\"><div class=\"quform-loading-inner\"><div class=\"quform-loading-spinner\"><div class=\"quform-loading-spinner-inner\"><\/div><\/div><\/div><\/div><\/div><div class=\"quform-element-tree\"><label for=\"quform_3_0_f0f32b\">This field should be left blank<\/label><input type=\"text\" id=\"quform_3_0_f0f32b\" name=\"quform_3_0\" class=\"quform-field quform-field-tree quform-field-3_0\" tabindex=\"-1\" autocomplete=\"off\" \/><\/div><\/div><\/div><\/div><\/div><\/form><\/div>\n<\/div><\/div><style type=\"text\/css\">.fusion-body .fusion-builder-column-2{width:50% !important;margin-top : 10px;margin-bottom : 10px;}.fusion-builder-column-2 > .fusion-column-wrapper {padding-top : 0px !important;padding-right : 0px !important;margin-right : 1.96%;padding-bottom : 0px !important;padding-left : 0px !important;margin-left : 1.96%;}@media only screen and (max-width:1024px) {.fusion-body .fusion-builder-column-2{width:50% !important;order : 0;}.fusion-builder-column-2 > .fusion-column-wrapper {margin-right : 1.96%;margin-left : 1.96%;}}@media only screen and (max-width:640px) {.fusion-body .fusion-builder-column-2{width:100% !important;order : 0;}.fusion-builder-column-2 > .fusion-column-wrapper {margin-right : 0.98%;margin-left : 0.98%;}}<\/style><\/div><\/div><style type=\"text\/css\">.fusion-body .fusion-flex-container.fusion-builder-row-2{ padding-top : 0px;margin-top : 0px;padding-right : 0px;padding-bottom : 0px;margin-bottom : 0px;padding-left : 0px;}<\/style><\/div><\/p>\n","protected":false},"excerpt":{"rendered":"","protected":false},"author":1,"featured_media":0,"parent":0,"menu_order":0,"comment_status":"closed","ping_status":"closed","template":"","meta":{"footnotes":""},"class_list":["post-92","page","type-page","status-publish","hentry"],"yoast_head":"<!-- This site is optimized with the Yoast SEO plugin v25.1 - https:\/\/yoast.com\/wordpress\/plugins\/seo\/ -->\n<title>Preise Angebote und Kostenvoranschl\u00e4ge Podologen St. Pauls Girlan Frangart Eppan<\/title>\n<meta name=\"robots\" content=\"index, follow, max-snippet:-1, max-image-preview:large, max-video-preview:-1\" \/>\n<link rel=\"canonical\" href=\"https:\/\/www.saracazzaro.com\/de\/preise-angebote-und-kostenvoranschlaege-podologen-st-pauls-girlan-frangart-eppan\" \/>\n<meta property=\"og:locale\" content=\"de_DE\" \/>\n<meta property=\"og:type\" content=\"article\" \/>\n<meta property=\"og:title\" content=\"Preise Angebote und Kostenvoranschl\u00e4ge Podologen St. Pauls Girlan Frangart Eppan\" \/>\n<meta property=\"og:url\" content=\"https:\/\/www.saracazzaro.com\/de\/preise-angebote-und-kostenvoranschlaege-podologen-st-pauls-girlan-frangart-eppan\" \/>\n<meta property=\"og:site_name\" content=\"Sara Cazzaro\" \/>\n<meta property=\"article:modified_time\" content=\"2021-05-27T06:28:43+00:00\" \/>\n<meta name=\"twitter:card\" content=\"summary_large_image\" \/>\n<meta name=\"twitter:label1\" content=\"Gesch\u00e4tzte Lesezeit\" \/>\n\t<meta name=\"twitter:data1\" content=\"3\u00a0Minuten\" \/>\n<script type=\"application\/ld+json\" class=\"yoast-schema-graph\">{\"@context\":\"https:\/\/schema.org\",\"@graph\":[{\"@type\":\"WebPage\",\"@id\":\"https:\/\/www.saracazzaro.com\/de\/preise-angebote-und-kostenvoranschlaege-podologen-st-pauls-girlan-frangart-eppan\",\"url\":\"https:\/\/www.saracazzaro.com\/de\/preise-angebote-und-kostenvoranschlaege-podologen-st-pauls-girlan-frangart-eppan\",\"name\":\"Preise Angebote und Kostenvoranschl\u00e4ge Podologen St. Pauls Girlan Frangart Eppan\",\"isPartOf\":{\"@id\":\"https:\/\/www.saracazzaro.com\/de#website\"},\"datePublished\":\"2021-05-12T08:23:30+00:00\",\"dateModified\":\"2021-05-27T06:28:43+00:00\",\"breadcrumb\":{\"@id\":\"https:\/\/www.saracazzaro.com\/de\/preise-angebote-und-kostenvoranschlaege-podologen-st-pauls-girlan-frangart-eppan#breadcrumb\"},\"inLanguage\":\"de\",\"potentialAction\":[{\"@type\":\"ReadAction\",\"target\":[\"https:\/\/www.saracazzaro.com\/de\/preise-angebote-und-kostenvoranschlaege-podologen-st-pauls-girlan-frangart-eppan\"]}]},{\"@type\":\"BreadcrumbList\",\"@id\":\"https:\/\/www.saracazzaro.com\/de\/preise-angebote-und-kostenvoranschlaege-podologen-st-pauls-girlan-frangart-eppan#breadcrumb\",\"itemListElement\":[{\"@type\":\"ListItem\",\"position\":1,\"name\":\"Home\",\"item\":\"https:\/\/www.saracazzaro.com\/de\"},{\"@type\":\"ListItem\",\"position\":2,\"name\":\"Kontakte\"}]},{\"@type\":\"WebSite\",\"@id\":\"https:\/\/www.saracazzaro.com\/de#website\",\"url\":\"https:\/\/www.saracazzaro.com\/de\",\"name\":\"Sara Cazzaro\",\"description\":\"\",\"potentialAction\":[{\"@type\":\"SearchAction\",\"target\":{\"@type\":\"EntryPoint\",\"urlTemplate\":\"https:\/\/www.saracazzaro.com\/de?s={search_term_string}\"},\"query-input\":{\"@type\":\"PropertyValueSpecification\",\"valueRequired\":true,\"valueName\":\"search_term_string\"}}],\"inLanguage\":\"de\"}]}<\/script>\n<!-- \/ Yoast SEO plugin. -->","yoast_head_json":{"title":"Preise Angebote und Kostenvoranschl\u00e4ge Podologen St. Pauls Girlan Frangart Eppan","robots":{"index":"index","follow":"follow","max-snippet":"max-snippet:-1","max-image-preview":"max-image-preview:large","max-video-preview":"max-video-preview:-1"},"canonical":"https:\/\/www.saracazzaro.com\/de\/preise-angebote-und-kostenvoranschlaege-podologen-st-pauls-girlan-frangart-eppan","og_locale":"de_DE","og_type":"article","og_title":"Preise Angebote und Kostenvoranschl\u00e4ge Podologen St. Pauls Girlan Frangart Eppan","og_url":"https:\/\/www.saracazzaro.com\/de\/preise-angebote-und-kostenvoranschlaege-podologen-st-pauls-girlan-frangart-eppan","og_site_name":"Sara Cazzaro","article_modified_time":"2021-05-27T06:28:43+00:00","twitter_card":"summary_large_image","twitter_misc":{"Gesch\u00e4tzte Lesezeit":"3\u00a0Minuten"},"schema":{"@context":"https:\/\/schema.org","@graph":[{"@type":"WebPage","@id":"https:\/\/www.saracazzaro.com\/de\/preise-angebote-und-kostenvoranschlaege-podologen-st-pauls-girlan-frangart-eppan","url":"https:\/\/www.saracazzaro.com\/de\/preise-angebote-und-kostenvoranschlaege-podologen-st-pauls-girlan-frangart-eppan","name":"Preise Angebote und Kostenvoranschl\u00e4ge Podologen St. Pauls Girlan Frangart Eppan","isPartOf":{"@id":"https:\/\/www.saracazzaro.com\/de#website"},"datePublished":"2021-05-12T08:23:30+00:00","dateModified":"2021-05-27T06:28:43+00:00","breadcrumb":{"@id":"https:\/\/www.saracazzaro.com\/de\/preise-angebote-und-kostenvoranschlaege-podologen-st-pauls-girlan-frangart-eppan#breadcrumb"},"inLanguage":"de","potentialAction":[{"@type":"ReadAction","target":["https:\/\/www.saracazzaro.com\/de\/preise-angebote-und-kostenvoranschlaege-podologen-st-pauls-girlan-frangart-eppan"]}]},{"@type":"BreadcrumbList","@id":"https:\/\/www.saracazzaro.com\/de\/preise-angebote-und-kostenvoranschlaege-podologen-st-pauls-girlan-frangart-eppan#breadcrumb","itemListElement":[{"@type":"ListItem","position":1,"name":"Home","item":"https:\/\/www.saracazzaro.com\/de"},{"@type":"ListItem","position":2,"name":"Kontakte"}]},{"@type":"WebSite","@id":"https:\/\/www.saracazzaro.com\/de#website","url":"https:\/\/www.saracazzaro.com\/de","name":"Sara Cazzaro","description":"","potentialAction":[{"@type":"SearchAction","target":{"@type":"EntryPoint","urlTemplate":"https:\/\/www.saracazzaro.com\/de?s={search_term_string}"},"query-input":{"@type":"PropertyValueSpecification","valueRequired":true,"valueName":"search_term_string"}}],"inLanguage":"de"}]}},"_links":{"self":[{"href":"https:\/\/www.saracazzaro.com\/de\/wp-json\/wp\/v2\/pages\/92","targetHints":{"allow":["GET"]}}],"collection":[{"href":"https:\/\/www.saracazzaro.com\/de\/wp-json\/wp\/v2\/pages"}],"about":[{"href":"https:\/\/www.saracazzaro.com\/de\/wp-json\/wp\/v2\/types\/page"}],"author":[{"embeddable":true,"href":"https:\/\/www.saracazzaro.com\/de\/wp-json\/wp\/v2\/users\/1"}],"replies":[{"embeddable":true,"href":"https:\/\/www.saracazzaro.com\/de\/wp-json\/wp\/v2\/comments?post=92"}],"version-history":[{"count":7,"href":"https:\/\/www.saracazzaro.com\/de\/wp-json\/wp\/v2\/pages\/92\/revisions"}],"predecessor-version":[{"id":190,"href":"https:\/\/www.saracazzaro.com\/de\/wp-json\/wp\/v2\/pages\/92\/revisions\/190"}],"wp:attachment":[{"href":"https:\/\/www.saracazzaro.com\/de\/wp-json\/wp\/v2\/media?parent=92"}],"curies":[{"name":"wp","href":"https:\/\/api.w.org\/{rel}","templated":true}]}}