{"id":93,"date":"2021-05-12T10:25:50","date_gmt":"2021-05-12T08:25:50","guid":{"rendered":"https:\/\/www.saracazzaro.com\/?page_id=93"},"modified":"2025-05-23T18:06:33","modified_gmt":"2025-05-23T16:06:33","slug":"home","status":"publish","type":"page","link":"https:\/\/www.saracazzaro.com\/de","title":{"rendered":"Home"},"content":{"rendered":"<p><div class=\"fusion-fullwidth fullwidth-box fusion-builder-row-1 fusion-flex-container nonhundred-percent-fullwidth non-hundred-percent-height-scrolling\" style=\"background-color: rgba(255,255,255,0);background-position: center center;background-repeat: no-repeat;border-width: 0px 0px 0px 0px;border-color:#e2e2e2;border-style:solid;\" ><div class=\"fusion-builder-row fusion-row fusion-flex-align-items-flex-start\" style=\"max-width:1326px;margin-left: calc(-2% \/ 2 );margin-right: calc(-2% \/ 2 );\"><div class=\"fusion-layout-column fusion_builder_column fusion-builder-column-0 fusion_builder_column_1_1 1_1 fusion-flex-column\"><div class=\"fusion-column-wrapper fusion-flex-justify-content-flex-start fusion-content-layout-column\" style=\"background-position:left top;background-repeat:no-repeat;-webkit-background-size:cover;-moz-background-size:cover;-o-background-size:cover;background-size:cover;padding: 0px 0px 0px 0px;\"><div class=\"fusion-text fusion-text-1\"><h2 style=\"text-align: left;\">Dr. Sara Cazzaro&#8230;<\/h2>\n<h3 style=\"text-align: left;\">&#8230;Ihr Podologe in Eppan<\/h3>\n<\/div><\/div><style type=\"text\/css\">.fusion-body .fusion-builder-column-0{width:100% !important;margin-top : 0px;margin-bottom : 0px;}.fusion-builder-column-0 > .fusion-column-wrapper {padding-top : 0px !important;padding-right : 0px !important;margin-right : 2.6133333333333%;padding-bottom : 0px !important;padding-left : 0px !important;margin-left : 0.98%;}@media only screen and (max-width:1024px) {.fusion-body .fusion-builder-column-0{width:100% !important;}.fusion-builder-column-0 > .fusion-column-wrapper {margin-right : 2.6133333333333%;margin-left : 0.98%;}}@media only screen and (max-width:640px) {.fusion-body .fusion-builder-column-0{width:100% !important;}.fusion-builder-column-0 > .fusion-column-wrapper {margin-right : 0.98%;margin-left : 0.98%;}}<\/style><\/div><\/div><style type=\"text\/css\">.fusion-body .fusion-flex-container.fusion-builder-row-1{ padding-top : 0px;margin-top : 0px;padding-right : 0px;padding-bottom : 0px;margin-bottom : 0px;padding-left : 0px;}<\/style><\/div><div class=\"fusion-fullwidth fullwidth-box fusion-builder-row-2 fusion-flex-container nonhundred-percent-fullwidth non-hundred-percent-height-scrolling\" style=\"background-color: rgba(255,255,255,0);background-position: center center;background-repeat: no-repeat;border-width: 0px 0px 0px 0px;border-color:#e2e2e2;border-style:solid;\" ><div class=\"fusion-builder-row fusion-row fusion-flex-align-items-flex-start\" style=\"max-width:1326px;margin-left: calc(-2% \/ 2 );margin-right: calc(-2% \/ 2 );\"><div class=\"fusion-layout-column fusion_builder_column fusion-builder-column-1 fusion_builder_column_4_5 4_5 fusion-flex-column fusion-flex-align-self-flex-start\"><div class=\"fusion-column-wrapper fusion-flex-justify-content-flex-start fusion-content-layout-column\" style=\"background-position:left top;background-repeat:no-repeat;-webkit-background-size:cover;-moz-background-size:cover;-o-background-size:cover;background-size:cover;padding: 0px 0px 0px 0px;\"><div class=\"fusion-text fusion-text-2\"><p>Ich bin Dr. Sara Cazzaro, habe 2014 mein Studium der Podologie an der Landesfachhochschule f\u00fcr Gesundheitsberufe &#8222;Claudiana&#8220; in Bozen abgeschlossen.<\/p>\n<p>Im Jahr 2015 habe ich meine Karriere in Zusammenarbeit mit dem S\u00fcdtiroler Podologiezentrum begonnen und bin dann seit 2017 selbstst\u00e4ndig. Ich bin seit dem 26.02.2019 im Register der Gesundheitsberufe f\u00fcr Podologie eingetragen (Nr. 17 &#8211; Ordnung TSRM PSTRP von Bozen).<\/p>\n<p>Die Leidenschaft f\u00fcr diesen Beruf treibt mich an, mich durch Schulungen und Kongresse Tag f\u00fcr Tag zu verbessern. Als Podologin helfe ich meinen Patienten, ihre F\u00fc\u00dfe gesund zu halten, sich mit ihnen wohl zu f\u00fchlen und ihre Schmerzen zu lindern.<\/p>\n<p>Die schwierige und grundlegende Funktion, die der Fu\u00df hat, wird oft untersch\u00e4tzt. Meine Aufgabe ist es, die Patienten \u00fcber das wesentliche Konzept der Gesunderhaltung und St\u00e4rkung ihrer F\u00fc\u00dfe aufzukl\u00e4ren, damit sie einen gesunden und aktiven Lebensstil f\u00fchren k\u00f6nnen.<\/p>\n<p>Die F\u00fc\u00dfe erm\u00f6glichen es uns, unseren K\u00f6rper zu st\u00fctzen und einen stabilen Kontakt mit der Erde zu haben.<\/p>\n<\/div><\/div><style type=\"text\/css\">.fusion-body .fusion-builder-column-1{width:80% !important;margin-top : 10px;margin-bottom : 10px;}.fusion-builder-column-1 > .fusion-column-wrapper {padding-top : 0px !important;padding-right : 0px !important;margin-right : 1.225%;padding-bottom : 0px !important;padding-left : 0px !important;margin-left : 1.225%;}@media only screen and (max-width:1024px) {.fusion-body .fusion-builder-column-1{width:80% !important;order : 0;}.fusion-builder-column-1 > .fusion-column-wrapper {margin-right : 1.225%;margin-left : 1.225%;}}@media only screen and (max-width:640px) {.fusion-body .fusion-builder-column-1{width:100% !important;order : 0;}.fusion-builder-column-1 > .fusion-column-wrapper {margin-right : 0.98%;margin-left : 0.98%;}}<\/style><\/div><div class=\"fusion-layout-column fusion_builder_column fusion-builder-column-2 fusion_builder_column_1_5 1_5 fusion-flex-column fusion-flex-align-self-flex-start\"><div class=\"fusion-column-wrapper fusion-flex-justify-content-flex-start fusion-content-layout-column\" style=\"background-position:center center;background-repeat:no-repeat;-webkit-background-size:cover;-moz-background-size:cover;-o-background-size:cover;background-size:cover;padding: 0px 0px 0px 0px;\"><div ><span class=\" fusion-imageframe imageframe-none imageframe-1 hover-type-none\"><img decoding=\"async\" width=\"1200\" height=\"1600\" title=\"podologa_sara_cazzaro_sa_paolo_appiano_alto_adige_ortesi_plantari_digitali_bolzano_bz\" src=\"https:\/\/www.saracazzaro.com\/wp-content\/uploads\/podologa_sara_cazzaro_sa_paolo_appiano_alto_adige_ortesi_plantari_digitali_bolzano_bz.jpg\" class=\"img-responsive wp-image-222\" srcset=\"https:\/\/www.saracazzaro.com\/wp-content\/uploads\/podologa_sara_cazzaro_sa_paolo_appiano_alto_adige_ortesi_plantari_digitali_bolzano_bz-200x267.jpg 200w, https:\/\/www.saracazzaro.com\/wp-content\/uploads\/podologa_sara_cazzaro_sa_paolo_appiano_alto_adige_ortesi_plantari_digitali_bolzano_bz-400x533.jpg 400w, https:\/\/www.saracazzaro.com\/wp-content\/uploads\/podologa_sara_cazzaro_sa_paolo_appiano_alto_adige_ortesi_plantari_digitali_bolzano_bz-600x800.jpg 600w, https:\/\/www.saracazzaro.com\/wp-content\/uploads\/podologa_sara_cazzaro_sa_paolo_appiano_alto_adige_ortesi_plantari_digitali_bolzano_bz-800x1067.jpg 800w, https:\/\/www.saracazzaro.com\/wp-content\/uploads\/podologa_sara_cazzaro_sa_paolo_appiano_alto_adige_ortesi_plantari_digitali_bolzano_bz.jpg 1200w\" sizes=\"(max-width: 640px) 100vw, 400px\" \/><\/span><\/div><\/div><style type=\"text\/css\">.fusion-body .fusion-builder-column-2{width:20% !important;margin-top : 10px;margin-bottom : 10px;}.fusion-builder-column-2 > .fusion-column-wrapper {padding-top : 0px !important;padding-right : 0px !important;margin-right : 4.9%;padding-bottom : 0px !important;padding-left : 0px !important;margin-left : 6.5333333333333%;}@media only screen and (max-width:1024px) {.fusion-body .fusion-builder-column-2{width:20% !important;order : 0;}.fusion-builder-column-2 > .fusion-column-wrapper {margin-right : 4.9%;margin-left : 6.5333333333333%;}}@media only screen and (max-width:640px) {.fusion-body .fusion-builder-column-2{width:100% !important;order : 0;}.fusion-builder-column-2 > .fusion-column-wrapper {margin-right : 0.98%;margin-left : 0.98%;}}<\/style><\/div><\/div><style type=\"text\/css\">.fusion-body .fusion-flex-container.fusion-builder-row-2{ padding-top : 0px;margin-top : 0px;padding-right : 0px;padding-bottom : 0px;margin-bottom : 0px;padding-left : 0px;}<\/style><\/div><\/p>\n","protected":false},"excerpt":{"rendered":"","protected":false},"author":1,"featured_media":0,"parent":0,"menu_order":0,"comment_status":"closed","ping_status":"closed","template":"100-width.php","meta":{"footnotes":""},"class_list":["post-93","page","type-page","status-publish","hentry"],"yoast_head":"<!-- This site is optimized with the Yoast SEO plugin v25.1 - https:\/\/yoast.com\/wordpress\/plugins\/seo\/ -->\n<title>Podologe Sara Cazzaro | Podologie St. Pauls Girlan Frangart Eppan<\/title>\n<meta name=\"robots\" content=\"index, follow, max-snippet:-1, max-image-preview:large, max-video-preview:-1\" \/>\n<link rel=\"canonical\" href=\"https:\/\/www.saracazzaro.com\/de\" \/>\n<meta property=\"og:locale\" content=\"de_DE\" \/>\n<meta property=\"og:type\" content=\"article\" \/>\n<meta property=\"og:title\" content=\"Podologe Sara Cazzaro | Podologie St. Pauls Girlan Frangart Eppan\" \/>\n<meta property=\"og:url\" content=\"https:\/\/www.saracazzaro.com\/de\" \/>\n<meta property=\"og:site_name\" content=\"Sara Cazzaro\" \/>\n<meta property=\"article:modified_time\" content=\"2025-05-23T16:06:33+00:00\" \/>\n<meta name=\"twitter:card\" content=\"summary_large_image\" \/>\n<meta name=\"twitter:label1\" content=\"Gesch\u00e4tzte Lesezeit\" \/>\n\t<meta name=\"twitter:data1\" content=\"4\u00a0Minuten\" \/>\n<script type=\"application\/ld+json\" class=\"yoast-schema-graph\">{\"@context\":\"https:\/\/schema.org\",\"@graph\":[{\"@type\":\"WebPage\",\"@id\":\"https:\/\/www.saracazzaro.com\/de\",\"url\":\"https:\/\/www.saracazzaro.com\/de\",\"name\":\"Podologe Sara Cazzaro | Podologie St. Pauls Girlan Frangart Eppan\",\"isPartOf\":{\"@id\":\"https:\/\/www.saracazzaro.com\/de#website\"},\"datePublished\":\"2021-05-12T08:25:50+00:00\",\"dateModified\":\"2025-05-23T16:06:33+00:00\",\"breadcrumb\":{\"@id\":\"https:\/\/www.saracazzaro.com\/de#breadcrumb\"},\"inLanguage\":\"de\",\"potentialAction\":[{\"@type\":\"ReadAction\",\"target\":[\"https:\/\/www.saracazzaro.com\/de\"]}]},{\"@type\":\"BreadcrumbList\",\"@id\":\"https:\/\/www.saracazzaro.com\/de#breadcrumb\",\"itemListElement\":[{\"@type\":\"ListItem\",\"position\":1,\"name\":\"Home\",\"item\":\"https:\/\/www.saracazzaro.com\/de\"},{\"@type\":\"ListItem\",\"position\":2,\"name\":\"Home\"}]},{\"@type\":\"WebSite\",\"@id\":\"https:\/\/www.saracazzaro.com\/de#website\",\"url\":\"https:\/\/www.saracazzaro.com\/de\",\"name\":\"Sara Cazzaro\",\"description\":\"\",\"potentialAction\":[{\"@type\":\"SearchAction\",\"target\":{\"@type\":\"EntryPoint\",\"urlTemplate\":\"https:\/\/www.saracazzaro.com\/de?s={search_term_string}\"},\"query-input\":{\"@type\":\"PropertyValueSpecification\",\"valueRequired\":true,\"valueName\":\"search_term_string\"}}],\"inLanguage\":\"de\"}]}<\/script>\n<!-- \/ Yoast SEO plugin. -->","yoast_head_json":{"title":"Podologe Sara Cazzaro | Podologie St. Pauls Girlan Frangart Eppan","robots":{"index":"index","follow":"follow","max-snippet":"max-snippet:-1","max-image-preview":"max-image-preview:large","max-video-preview":"max-video-preview:-1"},"canonical":"https:\/\/www.saracazzaro.com\/de","og_locale":"de_DE","og_type":"article","og_title":"Podologe Sara Cazzaro | Podologie St. Pauls Girlan Frangart Eppan","og_url":"https:\/\/www.saracazzaro.com\/de","og_site_name":"Sara Cazzaro","article_modified_time":"2025-05-23T16:06:33+00:00","twitter_card":"summary_large_image","twitter_misc":{"Gesch\u00e4tzte Lesezeit":"4\u00a0Minuten"},"schema":{"@context":"https:\/\/schema.org","@graph":[{"@type":"WebPage","@id":"https:\/\/www.saracazzaro.com\/de","url":"https:\/\/www.saracazzaro.com\/de","name":"Podologe Sara Cazzaro | Podologie St. Pauls Girlan Frangart Eppan","isPartOf":{"@id":"https:\/\/www.saracazzaro.com\/de#website"},"datePublished":"2021-05-12T08:25:50+00:00","dateModified":"2025-05-23T16:06:33+00:00","breadcrumb":{"@id":"https:\/\/www.saracazzaro.com\/de#breadcrumb"},"inLanguage":"de","potentialAction":[{"@type":"ReadAction","target":["https:\/\/www.saracazzaro.com\/de"]}]},{"@type":"BreadcrumbList","@id":"https:\/\/www.saracazzaro.com\/de#breadcrumb","itemListElement":[{"@type":"ListItem","position":1,"name":"Home","item":"https:\/\/www.saracazzaro.com\/de"},{"@type":"ListItem","position":2,"name":"Home"}]},{"@type":"WebSite","@id":"https:\/\/www.saracazzaro.com\/de#website","url":"https:\/\/www.saracazzaro.com\/de","name":"Sara Cazzaro","description":"","potentialAction":[{"@type":"SearchAction","target":{"@type":"EntryPoint","urlTemplate":"https:\/\/www.saracazzaro.com\/de?s={search_term_string}"},"query-input":{"@type":"PropertyValueSpecification","valueRequired":true,"valueName":"search_term_string"}}],"inLanguage":"de"}]}},"_links":{"self":[{"href":"https:\/\/www.saracazzaro.com\/de\/wp-json\/wp\/v2\/pages\/93","targetHints":{"allow":["GET"]}}],"collection":[{"href":"https:\/\/www.saracazzaro.com\/de\/wp-json\/wp\/v2\/pages"}],"about":[{"href":"https:\/\/www.saracazzaro.com\/de\/wp-json\/wp\/v2\/types\/page"}],"author":[{"embeddable":true,"href":"https:\/\/www.saracazzaro.com\/de\/wp-json\/wp\/v2\/users\/1"}],"replies":[{"embeddable":true,"href":"https:\/\/www.saracazzaro.com\/de\/wp-json\/wp\/v2\/comments?post=93"}],"version-history":[{"count":26,"href":"https:\/\/www.saracazzaro.com\/de\/wp-json\/wp\/v2\/pages\/93\/revisions"}],"predecessor-version":[{"id":226,"href":"https:\/\/www.saracazzaro.com\/de\/wp-json\/wp\/v2\/pages\/93\/revisions\/226"}],"wp:attachment":[{"href":"https:\/\/www.saracazzaro.com\/de\/wp-json\/wp\/v2\/media?parent=93"}],"curies":[{"name":"wp","href":"https:\/\/api.w.org\/{rel}","templated":true}]}}