{"id":95,"date":"2021-05-12T10:35:47","date_gmt":"2021-05-12T08:35:47","guid":{"rendered":"https:\/\/www.saracazzaro.com\/?page_id=95"},"modified":"2021-05-28T10:51:33","modified_gmt":"2021-05-28T08:51:33","slug":"podologische-behandlungen-fusserkrankungen-st-pauls-girlan-frangart-eppan","status":"publish","type":"page","link":"https:\/\/www.saracazzaro.com\/de\/podologische-behandlungen-fusserkrankungen-st-pauls-girlan-frangart-eppan","title":{"rendered":"Behandlungen"},"content":{"rendered":"<div class=\"fusion-fullwidth fullwidth-box fusion-builder-row-1 fusion-flex-container nonhundred-percent-fullwidth non-hundred-percent-height-scrolling\" style=\"background-color: rgba(255,255,255,0);background-position: center center;background-repeat: no-repeat;border-width: 0px 0px 0px 0px;border-color:#e2e2e2;border-style:solid;\" ><div class=\"fusion-builder-row fusion-row fusion-flex-align-items-flex-start\" style=\"max-width:1326px;margin-left: calc(-2% \/ 2 );margin-right: calc(-2% \/ 2 );\"><div class=\"fusion-layout-column fusion_builder_column fusion-builder-column-0 fusion_builder_column_1_1 1_1 fusion-flex-column\"><div class=\"fusion-column-wrapper fusion-flex-justify-content-flex-start fusion-content-layout-column\" style=\"background-position:left top;background-repeat:no-repeat;-webkit-background-size:cover;-moz-background-size:cover;-o-background-size:cover;background-size:cover;padding: 0px 0px 0px 0px;\"><div class=\"fusion-text fusion-text-1\"><h2>Wer ist der Podologe?<\/h2>\n<p>Der Podologe ist ein Gesundheitsexperte, der dank seines Universit\u00e4tsdiploms qualifiziert ist, alle Fu\u00dfpathologien zu behandeln. Er behandelt Erkrankungen des Fu\u00dfes und seiner Anlagen, d.h. des Nagelapparates mit unblutigen Methoden, er beurteilt die Haltung und den plantaren Halt in statischer und dynamischer Hinsicht, behandelt die Erkrankungen, die aus einer Fehlhaltung entstehen, mit gezielten Behandlungen und fertigt, wenn n\u00f6tig, ma\u00dfgeschneiderte Einlagen und digitale Ma\u00dfeinlagen an.<\/p>\n<p>Er beurteilt auch Erkrankungen, die aus Ver\u00e4nderungen des Bewegungsapparates resultieren k\u00f6nnen, wie z.B.: Achsabweichung der Finger wie Hallux valgus oder Hammerzehen, rheumatischer Fu\u00df, Arthrose&#8230;<\/p>\n<\/div><div class=\"fusion-text fusion-text-2\"><h3>Dienste<\/h3>\n<p>Alle Fu\u00dfpathologien, von den weniger komplexen wie Hyperkeratose (Hornhaut) bis zu den invasiveren wie Achsabweichung der Zehen, m\u00fcssen von einem professionellen Podologen behandelt werden. Auch bei der Behandlung des diabetischen Fu\u00dfes und bei der Vorbeugung von Haltungssch\u00e4den durch die Anfertigung von Einlagen und digitalen Ma\u00dfeinlagen ist sein Einsatz grundlegend. Der Podologe kann zur Untersuchung des statischen oder bewegten Gangs, zur Behandlung von hypertrophen, deformierten und\/oder eingewachsenen N\u00e4geln, zur Behandlung von Onychomykose und Dermatophyten, Plantarwarzen, Hohl- und Plattf\u00fc\u00dfen hinzugezogen werden.<\/p>\n<p>Die Inanspruchnahme eines Podologen ist f\u00fcr jeden Fu\u00dftyp von grundlegender Bedeutung: von Kinderf\u00fc\u00dfen bis zu \u00e4lteren Menschen, Sportlerf\u00fc\u00dfen, diabetischen F\u00fc\u00dfen, F\u00fc\u00dfen in der Schwangerschaft.<\/p>\n<p>Die h\u00e4usliche Pflege ist f\u00fcr behinderte und\/oder bettl\u00e4gerige Menschen gew\u00e4hrleistet.<\/p>\n<\/div><div class=\"fusion-text fusion-text-3\"><h3>Podologische Behandlungen<\/h3>\n<p>Es gibt viele Krankheiten und St\u00f6rungen, die sich auf die N\u00e4gel auswirken k\u00f6nnen und das Aussehen, die Farbe und die Funktionalit\u00e4t stark ver\u00e4ndern. Hier sind einige Beispiele:<\/p>\n<\/div><style type=\"text\/css\">.fusion-accordian  #accordion-95-1 .panel-title a .fa-fusion-box{ color: #000000;}.fusion-accordian  #accordion-95-1 .panel-title a .fa-fusion-box:before{ font-size: 16px; width: 16px;}.fusion-accordian  #accordion-95-1 .panel-title a{font-size:16px;}.fusion-accordian  #accordion-95-1 .panel-title a:hover, #accordion-95-1 .fusion-toggle-boxed-mode:hover .panel-title a { color: #b1d582;}.fusion-accordian  #accordion-95-1 .fusion-toggle-boxed-mode:hover .panel-title a .fa-fusion-box{ color: #b1d582;}.fusion-accordian  #accordion-95-1.fusion-toggle-icon-unboxed .fusion-panel .panel-title a:hover .fa-fusion-box{ color: #b1d582 !important;}<\/style><div class=\"accordian fusion-accordian\"><div class=\"panel-group fusion-toggle-icon-unboxed\" id=\"accordion-95-1\"><div class=\"fusion-panel panel-default\"><div class=\"panel-heading\"><h4 class=\"panel-title toggle\"><a aria-expanded=\"false\" aria-controls=\"60fac11176b89fe2f\" role=\"button\" data-toggle=\"collapse\" data-parent=\"#accordion-95-1\" data-target=\"#60fac11176b89fe2f\" href=\"#60fac11176b89fe2f\"><span class=\"fusion-toggle-icon-wrapper\" aria-hidden=\"true\"><i class=\"fa-fusion-box\" aria-hidden=\"true\"><\/i><\/span><span class=\"fusion-toggle-heading\">Hyperkeratose (Verhornung, Rebhuhnauge)<\/span><\/a><\/h4><\/div><div id=\"60fac11176b89fe2f\" class=\"panel-collapse collapse \"><div class=\"panel-body toggle-content fusion-clearfix\">\n<p class=\"Corpo\">Schwielen, Warzen&#8230; sind die Krankheiten, die unsere F\u00fc\u00dfe am meisten betreffen k\u00f6nnen. Wir m\u00fcssen ihnen daher die richtige Aufmerksamkeit schenken: Sie k\u00f6nnen zu behindernden und potenziell gef\u00e4hrlichen Pathologien werden, wenn sie nicht korrekt und von qualifizierten Fachleuten behandelt werden. Sie k\u00f6nnen auch unsere K\u00f6rperhaltung negativ beeinflussen und so die Lebensqualit\u00e4t beeintr\u00e4chtigen.<\/p>\n<\/div><\/div><\/div><div class=\"fusion-panel panel-default\"><div class=\"panel-heading\"><h4 class=\"panel-title toggle\"><a aria-expanded=\"false\" aria-controls=\"23af25d66bd4cb65e\" role=\"button\" data-toggle=\"collapse\" data-parent=\"#accordion-95-1\" data-target=\"#23af25d66bd4cb65e\" href=\"#23af25d66bd4cb65e\"><span class=\"fusion-toggle-icon-wrapper\" aria-hidden=\"true\"><i class=\"fa-fusion-box\" aria-hidden=\"true\"><\/i><\/span><span class=\"fusion-toggle-heading\">Pathologische N\u00e4gel (verdickt, verformt)<\/span><\/a><\/h4><\/div><div id=\"23af25d66bd4cb65e\" class=\"panel-collapse collapse \"><div class=\"panel-body toggle-content fusion-clearfix\">\n<p class=\"Corpo\">Die Onychogryphose ist durch eine Zunahme der Nageldicke gekennzeichnet. Der Nagel verdickt sich so stark, dass der Patient nicht mehr in der Lage ist, ihn zu schneiden. Au\u00dferdem kr\u00fcmmt sich der Nagel im weiteren Verlauf des Wachstums immer mehr und nimmt eine Krallenform an. Sie kann mit dem Alter, aber auch mit Sportverletzungen in Verbindung gebracht werden.<\/p>\n<\/div><\/div><\/div><div class=\"fusion-panel panel-default\"><div class=\"panel-heading\"><h4 class=\"panel-title toggle\"><a aria-expanded=\"false\" aria-controls=\"60d03a9809d200b45\" role=\"button\" data-toggle=\"collapse\" data-parent=\"#accordion-95-1\" data-target=\"#60d03a9809d200b45\" href=\"#60d03a9809d200b45\"><span class=\"fusion-toggle-icon-wrapper\" aria-hidden=\"true\"><i class=\"fa-fusion-box\" aria-hidden=\"true\"><\/i><\/span><span class=\"fusion-toggle-heading\">Eingewachsene Zehenn\u00e4gel (Onychokryptose)<\/span><\/a><\/h4><\/div><div id=\"60d03a9809d200b45\" class=\"panel-collapse collapse \"><div class=\"panel-body toggle-content fusion-clearfix\">\n<p>Bei der Onychokryptose, besser bekannt als eingewachsener Zehennagel, scheint das Nagelbett zu klein zu sein, um die Nagelplatte zu st\u00fctzen, die sich immer tiefer schiebt und dadurch Entz\u00fcndungen und Schmerzen verursacht. Sie entsteht oft durch unsachgem\u00e4\u00dfes Schneiden des Nagels.<\/p>\n<\/div><\/div><\/div><div class=\"fusion-panel panel-default\"><div class=\"panel-heading\"><h4 class=\"panel-title toggle\"><a aria-expanded=\"false\" aria-controls=\"e84f8890af809a95e\" role=\"button\" data-toggle=\"collapse\" data-parent=\"#accordion-95-1\" data-target=\"#e84f8890af809a95e\" href=\"#e84f8890af809a95e\"><span class=\"fusion-toggle-icon-wrapper\" aria-hidden=\"true\"><i class=\"fa-fusion-box\" aria-hidden=\"true\"><\/i><\/span><span class=\"fusion-toggle-heading\">Onychomykose (Pilz)<\/span><\/a><\/h4><\/div><div id=\"e84f8890af809a95e\" class=\"panel-collapse collapse \"><div class=\"panel-body toggle-content fusion-clearfix\">\n<p class=\"Corpo\">Onychomykose ist eine Infektion der N\u00e4gel, die durch Mikroorganismen, sogenannte Myceten, verursacht wird. Oft wird dieser Zustand von Schmerzen und manchmal von einem schlechten Geruch begleitet. Sie kann an allen N\u00e4geln auftreten, aber die H\u00e4ufigkeit ist an den Zehenn\u00e4geln, aufgrund des h\u00f6heren Anteils an Feuchtigkeit, der normalerweise in diesem Bereich des K\u00f6rpers vorhanden ist, h\u00f6her.<\/p>\n<\/div><\/div><\/div><div class=\"fusion-panel panel-default\"><div class=\"panel-heading\"><h4 class=\"panel-title toggle\"><a aria-expanded=\"false\" aria-controls=\"706ddd25347c18bf5\" role=\"button\" data-toggle=\"collapse\" data-parent=\"#accordion-95-1\" data-target=\"#706ddd25347c18bf5\" href=\"#706ddd25347c18bf5\"><span class=\"fusion-toggle-icon-wrapper\" aria-hidden=\"true\"><i class=\"fa-fusion-box\" aria-hidden=\"true\"><\/i><\/span><span class=\"fusion-toggle-heading\">Plantar Warzen<\/span><\/a><\/h4><\/div><div id=\"706ddd25347c18bf5\" class=\"panel-collapse collapse \"><div class=\"panel-body toggle-content fusion-clearfix\">\n<p>Plantarwarzen sind kleine, aber sehr l\u00e4stige Hautwucherungen, die zwischen den Zehen oder an den Fu\u00dfsohlen entstehen. Immer verursacht durch eine Infektion mit dem Papillomavirus, sind Plantarwarzen gl\u00fccklicherweise ein Ph\u00e4nomen, das zwar l\u00e4stig und unangenehm ist, sich aber als leicht behandelbar erweist. Trotz der relativen Harmlosigkeit der Infektion wird eine podologische Behandlung von Warzen dringend empfohlen, um die Ausbreitung des Virus zu begrenzen und das Risiko eines Wiederauftretens zu minimieren.<\/p>\n<\/div><\/div><\/div><div class=\"fusion-panel panel-default\"><div class=\"panel-heading\"><h4 class=\"panel-title toggle\"><a aria-expanded=\"false\" aria-controls=\"273aa691ea256cc67\" role=\"button\" data-toggle=\"collapse\" data-parent=\"#accordion-95-1\" data-target=\"#273aa691ea256cc67\" href=\"#273aa691ea256cc67\"><span class=\"fusion-toggle-icon-wrapper\" aria-hidden=\"true\"><i class=\"fa-fusion-box\" aria-hidden=\"true\"><\/i><\/span><span class=\"fusion-toggle-heading\">Nagelsanierung (Ortonixie)<\/span><\/a><\/h4><\/div><div id=\"273aa691ea256cc67\" class=\"panel-collapse collapse \"><div class=\"panel-body toggle-content fusion-clearfix\">\n<p>Dank der Verwendung eines d\u00fcnnen Titandrahtes, der auf die Nagelplatte aufgebracht wird, werden pathologische Verkr\u00fcmmungen korrigiert und der Nagel wieder in die richtige Kr\u00fcmmung gebracht, und das alles auf absolut schmerzfreie Weise. Die Behandlung erm\u00f6glicht die Wiederherstellung des Nagels und bietet funktionelle Unterst\u00fctzung. Sie wird z. B. bei &#8222;Schindel&#8220;-N\u00e4geln empfohlen.<\/p>\n<\/div><\/div><\/div><div class=\"fusion-panel panel-default\"><div class=\"panel-heading\"><h4 class=\"panel-title toggle\"><a aria-expanded=\"false\" aria-controls=\"59513982a76fb1c85\" role=\"button\" data-toggle=\"collapse\" data-parent=\"#accordion-95-1\" data-target=\"#59513982a76fb1c85\" href=\"#59513982a76fb1c85\"><span class=\"fusion-toggle-icon-wrapper\" aria-hidden=\"true\"><i class=\"fa-fusion-box\" aria-hidden=\"true\"><\/i><\/span><span class=\"fusion-toggle-heading\">Diabetischer Fu\u00df (Geschw\u00fcre)<\/span><\/a><\/h4><\/div><div id=\"59513982a76fb1c85\" class=\"panel-collapse collapse \"><div class=\"panel-body toggle-content fusion-clearfix\">\n<p>Geschw\u00fcre oder Wunden am Fu\u00df, vor allem bei Diabetikern, m\u00fcssen mit besonderer Aufmerksamkeit und durch geeignete, gezielte podiatrische Behandlungen behandelt werden, um die Entwicklung komplizierterer Pathologien zu vermeiden. Ein schlecht gepflegter oder untersch\u00e4tzter diabetischer Fu\u00df setzt den Patienten Geschw\u00fcren, blutenden Wunden und Infektionen aus, die sich langfristig auf das benachbarte Gewebe ausbreiten und Gangr\u00e4n verursachen k\u00f6nnen. Das Hauptziel der Behandlung des diabetischen Fu\u00dfes ist es, das plantare Ulkus zu verhindern und im Falle einer laufenden Infektion den Erreger in k\u00fcrzester Zeit einzud\u00e4mmen.<\/p>\n<\/div><\/div><\/div><div class=\"fusion-panel panel-default\"><div class=\"panel-heading\"><h4 class=\"panel-title toggle\"><a aria-expanded=\"false\" aria-controls=\"405d070f1067e5c75\" role=\"button\" data-toggle=\"collapse\" data-parent=\"#accordion-95-1\" data-target=\"#405d070f1067e5c75\" href=\"#405d070f1067e5c75\"><span class=\"fusion-toggle-icon-wrapper\" aria-hidden=\"true\"><i class=\"fa-fusion-box\" aria-hidden=\"true\"><\/i><\/span><span class=\"fusion-toggle-heading\">Podiatrische Bewertung der statischen und dynamischen<\/span><\/a><\/h4><\/div><div id=\"405d070f1067e5c75\" class=\"panel-collapse collapse \"><div class=\"panel-body toggle-content fusion-clearfix\">\n<p class=\"Corpo\">Durch statische und dynamische Untersuchungen kann der Podologe Haltungsdysbalancen, Achsabweichungen der Zehen wie Hammerzehen oder Hallux valgus erkennen, die oft schmerzhaft und behindernd sein k\u00f6nnen. Sie erlauben ihm auch, die podale Unterst\u00fctzung zu analysieren und zu erkennen, ob der Patient an einem Plattfu\u00df leidet, der oft eine Laxheit der B\u00e4nder und Ungleichgewichte auf neuromuskul\u00e4rer Ebene verursacht; an einem Hohlfu\u00df, bei dem die St\u00fctzpunkte im Vergleich zu einem normalen Fu\u00df ver\u00e4ndert sind, was oft zu einem steifen Fu\u00df f\u00fchrt, bei dem die Druckpunkte zu schmerzhaften Schwielen f\u00fchren k\u00f6nnen und auch mit der Zeit ein Mikrotrauma verursachen kann, wenn sie untersch\u00e4tzt werden.<\/p>\n<\/div><\/div><\/div><div class=\"fusion-panel panel-default\"><div class=\"panel-heading\"><h4 class=\"panel-title toggle\"><a aria-expanded=\"false\" aria-controls=\"1c6091d5252cb8dd3\" role=\"button\" data-toggle=\"collapse\" data-parent=\"#accordion-95-1\" data-target=\"#1c6091d5252cb8dd3\" href=\"#1c6091d5252cb8dd3\"><span class=\"fusion-toggle-icon-wrapper\" aria-hidden=\"true\"><i class=\"fa-fusion-box\" aria-hidden=\"true\"><\/i><\/span><span class=\"fusion-toggle-heading\">Fingerdeformit\u00e4ten (Hallux valgus, Hammerzehen)<\/span><\/a><\/h4><\/div><div id=\"1c6091d5252cb8dd3\" class=\"panel-collapse collapse \"><div class=\"panel-body toggle-content fusion-clearfix\">\n<p>Der Hallux valgus ist eine Deformit\u00e4t der ersten Zehe, die seitlich zu den anderen Zehen abgewichen erscheint, bei gleichzeitiger medialer Vorw\u00f6lbung des ersten Mittelfu\u00dfknochens. Diese kn\u00f6cherne Deformit\u00e4t ist meist mit einer st\u00e4ndigen oder immer wiederkehrenden Entz\u00fcndung des Schleimbeutels an der Basis des Gro\u00dfzehenimplantats selbst verbunden.<\/p>\n<p>Der Hammerzeh ist eine Fu\u00dferkrankung, die vor allem das Endgelenk betrifft. Sie \u00e4u\u00dfert sich durch eine Verformung der Zehen, die am Mittelgelenk ein gebogenes Aussehen annehmen. Die Zehen zeigen eine \u00dcberlappung oder Unterlappung im Verh\u00e4ltnis zu den anderen, mit unterschiedlichem Grad. Im Fu\u00df ist der Hammerzeh aufgrund des Konflikts mit dem Schuhwerk mit Schmerzen und Schwielenbildung verbunden, die in schweren F\u00e4llen zu Geschw\u00fcren f\u00fchren k\u00f6nnen. In den meisten F\u00e4llen wird der Hammerzeh durch ein traumatisches Ereignis verursacht: Die Sehne, die die Verl\u00e4ngerung des dritten (distalen) Fingerglieds erm\u00f6glicht, kann sich dehnen, rei\u00dfen oder falsch ausgerichtet werden. Die Fingerspitze bleibt in einer gebeugten Position, was eine Verl\u00e4ngerung unm\u00f6glich macht. In anderen F\u00e4llen kann eine Hammerzehe ohne erkennbare Ursache beginnen (idiopathische Form).<\/p>\n<\/div><\/div><\/div><div class=\"fusion-panel panel-default\"><div class=\"panel-heading\"><h4 class=\"panel-title toggle\"><a aria-expanded=\"false\" aria-controls=\"595485790f06e32b3\" role=\"button\" data-toggle=\"collapse\" data-parent=\"#accordion-95-1\" data-target=\"#595485790f06e32b3\" href=\"#595485790f06e32b3\"><span class=\"fusion-toggle-icon-wrapper\" aria-hidden=\"true\"><i class=\"fa-fusion-box\" aria-hidden=\"true\"><\/i><\/span><span class=\"fusion-toggle-heading\">Ma\u00dfgefertigte digitale und orthop\u00e4dische Einlagen<\/span><\/a><\/h4><\/div><div id=\"595485790f06e32b3\" class=\"panel-collapse collapse \"><div class=\"panel-body toggle-content fusion-clearfix\">\n<p>Die ma\u00dfgefertigte Einlage wird zur Vorbeugung, zum Ausgleich oder zur Korrektur von haltungsbedingten &#8211; biomechanischen &#8211; pathologischen Einstellungen des Fu\u00dfkn\u00f6chels und der supra-segment\u00e4ren Strukturen (Knie, H\u00fcfte, Lendenbereich usw.) konzipiert und hergestellt. Die h\u00e4ufigsten Probleme oder Pathologien, bei denen Orthesen einen wichtigen Beitrag zur Verbesserung leisten k\u00f6nnen, sind:<\/p>\n<ul>\n<li>Plattfu\u00df &#8211; Pronierter Fu\u00df bei Kindern und Erwachsenen<\/li>\n<li>Hohler Fu\u00df<\/li>\n<li>Metatarsalgie und Morton-Syndrom<\/li>\n<li>Plantarfasziitis, Fersenschmerzen, Thalodynie, Achillessehnen-Tendinitis-Tendinose<\/li>\n<li>Muskel-Sehnen-Probleme, wie z. B. die des Tibialis posterior und anterior, etc.<\/li>\n<\/ul>\n<p>Silikonorthesen sind bei Zehendeformit\u00e4ten wie Hallux valgus oder Krallenzehen indiziert. Diese Bedingungen k\u00f6nnen zu Konflikten zwischen den Zehen f\u00fchren: dorsale Konflikte zwischen den Zehen und dem Schuhoberteil oder \u00fcberm\u00e4\u00dfige Belastung der Zehenspitzen. L\u00e4nger andauernder Konflikt kann zur Bildung von Schwielen (z. B. die als &#8222;Rebhuhnaugen&#8220; bekannte Verdickung) oder sogar zu Geschw\u00fcren f\u00fchren. Die Aufgabe von Silikonorthesen ist es, die Zehen zu st\u00fctzen, zu trennen und vor \u00fcberm\u00e4\u00dfigen Konflikten zu sch\u00fctzen, um Kallusbildung und andere Probleme zu reduzieren oder zu verhindern.<\/p>\n<\/div><\/div><\/div><\/div><\/div><\/div><style type=\"text\/css\">.fusion-body .fusion-builder-column-0{width:100% !important;margin-top : 10px;margin-bottom : 10px;}.fusion-builder-column-0 > .fusion-column-wrapper {padding-top : 0px !important;padding-right : 0px !important;margin-right : 0.98%;padding-bottom : 0px !important;padding-left : 0px !important;margin-left : 0.98%;}@media only screen and (max-width:1024px) {.fusion-body .fusion-builder-column-0{width:100% !important;order : 0;}.fusion-builder-column-0 > .fusion-column-wrapper {margin-right : 0.98%;margin-left : 0.98%;}}@media only screen and (max-width:640px) {.fusion-body .fusion-builder-column-0{width:100% !important;order : 0;}.fusion-builder-column-0 > .fusion-column-wrapper {margin-right : 0.98%;margin-left : 0.98%;}}<\/style><\/div><\/div><style type=\"text\/css\">.fusion-body .fusion-flex-container.fusion-builder-row-1{ padding-top : 0px;margin-top : 0px;padding-right : 0px;padding-bottom : 0px;margin-bottom : 0px;padding-left : 0px;}<\/style><\/div>\n","protected":false},"excerpt":{"rendered":"","protected":false},"author":1,"featured_media":0,"parent":0,"menu_order":0,"comment_status":"closed","ping_status":"closed","template":"","meta":{"footnotes":""},"class_list":["post-95","page","type-page","status-publish","hentry"],"yoast_head":"<!-- This site is optimized with the Yoast SEO plugin v25.1 - https:\/\/yoast.com\/wordpress\/plugins\/seo\/ -->\n<title>Podologische Behandlungen, Fu\u00dferkrankungen St. Pauls Girlan Frangart Eppan<\/title>\n<meta name=\"robots\" content=\"index, follow, max-snippet:-1, max-image-preview:large, max-video-preview:-1\" \/>\n<link rel=\"canonical\" href=\"https:\/\/www.saracazzaro.com\/de\/podologische-behandlungen-fusserkrankungen-st-pauls-girlan-frangart-eppan\" \/>\n<meta property=\"og:locale\" content=\"de_DE\" \/>\n<meta property=\"og:type\" content=\"article\" \/>\n<meta property=\"og:title\" content=\"Podologische Behandlungen, Fu\u00dferkrankungen St. Pauls Girlan Frangart Eppan\" \/>\n<meta property=\"og:url\" content=\"https:\/\/www.saracazzaro.com\/de\/podologische-behandlungen-fusserkrankungen-st-pauls-girlan-frangart-eppan\" \/>\n<meta property=\"og:site_name\" content=\"Sara Cazzaro\" \/>\n<meta property=\"article:modified_time\" content=\"2021-05-28T08:51:33+00:00\" \/>\n<meta name=\"twitter:card\" content=\"summary_large_image\" \/>\n<meta name=\"twitter:label1\" content=\"Gesch\u00e4tzte Lesezeit\" \/>\n\t<meta name=\"twitter:data1\" content=\"7\u00a0Minuten\" \/>\n<script type=\"application\/ld+json\" class=\"yoast-schema-graph\">{\"@context\":\"https:\/\/schema.org\",\"@graph\":[{\"@type\":\"WebPage\",\"@id\":\"https:\/\/www.saracazzaro.com\/de\/podologische-behandlungen-fusserkrankungen-st-pauls-girlan-frangart-eppan\",\"url\":\"https:\/\/www.saracazzaro.com\/de\/podologische-behandlungen-fusserkrankungen-st-pauls-girlan-frangart-eppan\",\"name\":\"Podologische Behandlungen, Fu\u00dferkrankungen St. Pauls Girlan Frangart Eppan\",\"isPartOf\":{\"@id\":\"https:\/\/www.saracazzaro.com\/de#website\"},\"datePublished\":\"2021-05-12T08:35:47+00:00\",\"dateModified\":\"2021-05-28T08:51:33+00:00\",\"breadcrumb\":{\"@id\":\"https:\/\/www.saracazzaro.com\/de\/podologische-behandlungen-fusserkrankungen-st-pauls-girlan-frangart-eppan#breadcrumb\"},\"inLanguage\":\"de\",\"potentialAction\":[{\"@type\":\"ReadAction\",\"target\":[\"https:\/\/www.saracazzaro.com\/de\/podologische-behandlungen-fusserkrankungen-st-pauls-girlan-frangart-eppan\"]}]},{\"@type\":\"BreadcrumbList\",\"@id\":\"https:\/\/www.saracazzaro.com\/de\/podologische-behandlungen-fusserkrankungen-st-pauls-girlan-frangart-eppan#breadcrumb\",\"itemListElement\":[{\"@type\":\"ListItem\",\"position\":1,\"name\":\"Home\",\"item\":\"https:\/\/www.saracazzaro.com\/de\"},{\"@type\":\"ListItem\",\"position\":2,\"name\":\"Behandlungen\"}]},{\"@type\":\"WebSite\",\"@id\":\"https:\/\/www.saracazzaro.com\/de#website\",\"url\":\"https:\/\/www.saracazzaro.com\/de\",\"name\":\"Sara Cazzaro\",\"description\":\"\",\"potentialAction\":[{\"@type\":\"SearchAction\",\"target\":{\"@type\":\"EntryPoint\",\"urlTemplate\":\"https:\/\/www.saracazzaro.com\/de?s={search_term_string}\"},\"query-input\":{\"@type\":\"PropertyValueSpecification\",\"valueRequired\":true,\"valueName\":\"search_term_string\"}}],\"inLanguage\":\"de\"}]}<\/script>\n<!-- \/ Yoast SEO plugin. -->","yoast_head_json":{"title":"Podologische Behandlungen, Fu\u00dferkrankungen St. Pauls Girlan Frangart Eppan","robots":{"index":"index","follow":"follow","max-snippet":"max-snippet:-1","max-image-preview":"max-image-preview:large","max-video-preview":"max-video-preview:-1"},"canonical":"https:\/\/www.saracazzaro.com\/de\/podologische-behandlungen-fusserkrankungen-st-pauls-girlan-frangart-eppan","og_locale":"de_DE","og_type":"article","og_title":"Podologische Behandlungen, Fu\u00dferkrankungen St. Pauls Girlan Frangart Eppan","og_url":"https:\/\/www.saracazzaro.com\/de\/podologische-behandlungen-fusserkrankungen-st-pauls-girlan-frangart-eppan","og_site_name":"Sara Cazzaro","article_modified_time":"2021-05-28T08:51:33+00:00","twitter_card":"summary_large_image","twitter_misc":{"Gesch\u00e4tzte Lesezeit":"7\u00a0Minuten"},"schema":{"@context":"https:\/\/schema.org","@graph":[{"@type":"WebPage","@id":"https:\/\/www.saracazzaro.com\/de\/podologische-behandlungen-fusserkrankungen-st-pauls-girlan-frangart-eppan","url":"https:\/\/www.saracazzaro.com\/de\/podologische-behandlungen-fusserkrankungen-st-pauls-girlan-frangart-eppan","name":"Podologische Behandlungen, Fu\u00dferkrankungen St. Pauls Girlan Frangart Eppan","isPartOf":{"@id":"https:\/\/www.saracazzaro.com\/de#website"},"datePublished":"2021-05-12T08:35:47+00:00","dateModified":"2021-05-28T08:51:33+00:00","breadcrumb":{"@id":"https:\/\/www.saracazzaro.com\/de\/podologische-behandlungen-fusserkrankungen-st-pauls-girlan-frangart-eppan#breadcrumb"},"inLanguage":"de","potentialAction":[{"@type":"ReadAction","target":["https:\/\/www.saracazzaro.com\/de\/podologische-behandlungen-fusserkrankungen-st-pauls-girlan-frangart-eppan"]}]},{"@type":"BreadcrumbList","@id":"https:\/\/www.saracazzaro.com\/de\/podologische-behandlungen-fusserkrankungen-st-pauls-girlan-frangart-eppan#breadcrumb","itemListElement":[{"@type":"ListItem","position":1,"name":"Home","item":"https:\/\/www.saracazzaro.com\/de"},{"@type":"ListItem","position":2,"name":"Behandlungen"}]},{"@type":"WebSite","@id":"https:\/\/www.saracazzaro.com\/de#website","url":"https:\/\/www.saracazzaro.com\/de","name":"Sara Cazzaro","description":"","potentialAction":[{"@type":"SearchAction","target":{"@type":"EntryPoint","urlTemplate":"https:\/\/www.saracazzaro.com\/de?s={search_term_string}"},"query-input":{"@type":"PropertyValueSpecification","valueRequired":true,"valueName":"search_term_string"}}],"inLanguage":"de"}]}},"_links":{"self":[{"href":"https:\/\/www.saracazzaro.com\/de\/wp-json\/wp\/v2\/pages\/95","targetHints":{"allow":["GET"]}}],"collection":[{"href":"https:\/\/www.saracazzaro.com\/de\/wp-json\/wp\/v2\/pages"}],"about":[{"href":"https:\/\/www.saracazzaro.com\/de\/wp-json\/wp\/v2\/types\/page"}],"author":[{"embeddable":true,"href":"https:\/\/www.saracazzaro.com\/de\/wp-json\/wp\/v2\/users\/1"}],"replies":[{"embeddable":true,"href":"https:\/\/www.saracazzaro.com\/de\/wp-json\/wp\/v2\/comments?post=95"}],"version-history":[{"count":19,"href":"https:\/\/www.saracazzaro.com\/de\/wp-json\/wp\/v2\/pages\/95\/revisions"}],"predecessor-version":[{"id":124,"href":"https:\/\/www.saracazzaro.com\/de\/wp-json\/wp\/v2\/pages\/95\/revisions\/124"}],"wp:attachment":[{"href":"https:\/\/www.saracazzaro.com\/de\/wp-json\/wp\/v2\/media?parent=95"}],"curies":[{"name":"wp","href":"https:\/\/api.w.org\/{rel}","templated":true}]}}